{"id":38,"date":"2026-02-17T15:16:01","date_gmt":"2026-02-17T15:16:01","guid":{"rendered":"https:\/\/cretecycling.eu\/ueber\/"},"modified":"2026-02-25T11:43:24","modified_gmt":"2026-02-25T11:43:24","slug":"ueber-uns","status":"publish","type":"page","link":"https:\/\/cretecycling.eu\/en\/ueber-uns\/","title":{"rendered":"About us"},"content":{"rendered":"<div class=\"wp-block-group alignfull is-style-ext-preset--group--natural-1--section has-background-background-color has-background has-global-padding is-layout-constrained wp-block-group-is-layout-constrained is-style-ext-preset--group--natural-1--section--1\" id=\"ueber-uns\" style=\"margin-top:0;margin-bottom:0;padding-top:var(--wp--preset--spacing--70);padding-bottom:var(--wp--preset--spacing--70)\">\n<div class=\"wp-block-columns alignwide are-vertically-aligned-center is-layout-flex wp-container-core-columns-is-layout-174606dc wp-block-columns-is-layout-flex\">\n<div class=\"wp-block-column is-vertically-aligned-center is-layout-flow wp-block-column-is-layout-flow\">\n<div class=\"wp-block-group alignwide is-vertical is-layout-flex wp-container-core-group-is-layout-c35747d5 wp-block-group-is-layout-flex\">\n<div class=\"wp-block-group has-global-padding is-layout-constrained wp-container-core-group-is-layout-dd32767c wp-block-group-is-layout-constrained\">\n<h2 class=\"wp-block-heading\">Experience Crete with unforgettable bike tours<\/h2>\n\n\n\n<p>CreteCycling stands for sustainable cycling tourism that combines the joy of movement, immersion in nature, and cultural discovery across Crete. Our mission is to offer cyclists of all levels authentic experiences that showcase the island at its most beautiful.<\/p>\n<\/div>\n<\/div>\n<\/div>\n\n\n\n<div class=\"wp-block-column is-vertically-aligned-center is-layout-flow wp-block-column-is-layout-flow\">\n<figure class=\"wp-block-image size-large is-style-ext-preset--image--natural-1--image-1--content-left is-style-ext-preset--image--natural-1--image-1--content-left--2\"><img loading=\"lazy\" decoding=\"async\" width=\"1024\" height=\"419\" src=\"https:\/\/cretecycling.eu\/wp-content\/uploads\/2026\/02\/20251219_103808-1024x419.jpg\" alt=\"\" class=\"wp-image-146\" style=\"aspect-ratio:1;object-fit:cover\" srcset=\"https:\/\/cretecycling.eu\/wp-content\/uploads\/2026\/02\/20251219_103808-1024x419.jpg 1024w, https:\/\/cretecycling.eu\/wp-content\/uploads\/2026\/02\/20251219_103808-300x123.jpg 300w, https:\/\/cretecycling.eu\/wp-content\/uploads\/2026\/02\/20251219_103808-768x314.jpg 768w, https:\/\/cretecycling.eu\/wp-content\/uploads\/2026\/02\/20251219_103808-1536x629.jpg 1536w, https:\/\/cretecycling.eu\/wp-content\/uploads\/2026\/02\/20251219_103808-2048x839.jpg 2048w, https:\/\/cretecycling.eu\/wp-content\/uploads\/2026\/02\/20251219_103808-18x7.jpg 18w\" sizes=\"auto, (max-width: 1024px) 100vw, 1024px\" \/><\/figure>\n<\/div>\n<\/div>\n<\/div>\n\n\n\n<div class=\"wp-block-group alignfull is-style-ext-preset--group--natural-1--section has-tertiary-background-color has-background has-global-padding is-layout-constrained wp-container-core-group-is-layout-e955bbaf wp-block-group-is-layout-constrained is-style-ext-preset--group--natural-1--section--3\" id=\"team\" style=\"margin-top:0;margin-bottom:0;padding-top:var(--wp--preset--spacing--70);padding-bottom:var(--wp--preset--spacing--70)\">\n<div class=\"wp-block-group alignwide is-vertical is-content-justification-center is-layout-flex wp-container-core-group-is-layout-c9ee0c5a wp-block-group-is-layout-flex\">\n<div class=\"wp-block-group has-global-padding is-layout-constrained wp-container-core-group-is-layout-2287c683 wp-block-group-is-layout-constrained\">\n<h2 class=\"wp-block-heading has-text-align-center\">Experience unforgettable cycling tours along Crete\u2019s picturesque coastlines<\/h2>\n\n\n\n<p class=\"has-text-align-center\">Get to know the dedicated experts who make your cycling experiences in Crete truly unforgettable.<\/p>\n<\/div>\n<\/div>\n\n\n\n<div class=\"wp-block-columns alignwide is-layout-flex wp-container-core-columns-is-layout-08c01c1c wp-block-columns-is-layout-flex\">\n<div class=\"wp-block-column is-vertically-aligned-stretch is-layout-flow wp-block-column-is-layout-flow\">\n<div class=\"wp-block-group is-style-ext-preset--group--natural-1--item-card-1--align-center has-global-padding is-content-justification-center is-layout-constrained wp-block-group-is-layout-constrained is-style-ext-preset--group--natural-1--item-card-1--align-center--4\">\n<figure class=\"wp-block-image aligncenter size-large is-resized\"><img loading=\"lazy\" decoding=\"async\" width=\"683\" height=\"1024\" src=\"https:\/\/cretecycling.eu\/wp-content\/uploads\/2026\/02\/Create-a-stylized-av-683x1024.png\" alt=\"\" class=\"wp-image-156\" style=\"aspect-ratio:1;object-fit:cover;width:232px;height:auto\" srcset=\"https:\/\/cretecycling.eu\/wp-content\/uploads\/2026\/02\/Create-a-stylized-av-683x1024.png 683w, https:\/\/cretecycling.eu\/wp-content\/uploads\/2026\/02\/Create-a-stylized-av-200x300.png 200w, https:\/\/cretecycling.eu\/wp-content\/uploads\/2026\/02\/Create-a-stylized-av-768x1152.png 768w, https:\/\/cretecycling.eu\/wp-content\/uploads\/2026\/02\/Create-a-stylized-av-8x12.png 8w, https:\/\/cretecycling.eu\/wp-content\/uploads\/2026\/02\/Create-a-stylized-av.png 1024w\" sizes=\"auto, (max-width: 683px) 100vw, 683px\" \/><\/figure>\n\n\n\n<div class=\"wp-block-group is-style-default has-global-padding is-layout-constrained wp-block-group-is-layout-constrained\">\n<h3 class=\"wp-block-heading\" style=\"font-size:clamp(14px, 0.875rem + ((1vw - 3.2px) * 0.625), 20px);\">Guenter Harsche<\/h3>\n\n\n\n<p style=\"margin-top:0;margin-bottom:0;font-size:clamp(14px, 0.875rem + ((1vw - 3.2px) * 0.417), 18px);\">Tour guide<\/p>\n\n\n\n<p>With many years of experience, he ensures safe and exciting cycling tours on the island.<\/p>\n\n\n\n<ul class=\"wp-block-social-links has-normal-icon-size has-icon-color is-style-logos-only is-content-justification-center is-layout-flex wp-container-core-social-links-is-layout-4ee90c78 wp-block-social-links-is-layout-flex\" style=\"margin-top:24px\"><li style=\"color:#0B0620;\" class=\"wp-social-link wp-social-link-linkedin has-foreground-color wp-block-social-link\"><a href=\"#\" class=\"wp-block-social-link-anchor\"><svg width=\"24\" height=\"24\" viewbox=\"0 0 24 24\" version=\"1.1\" xmlns=\"http:\/\/www.w3.org\/2000\/svg\" aria-hidden=\"true\" focusable=\"false\"><path d=\"M19.7,3H4.3C3.582,3,3,3.582,3,4.3v15.4C3,20.418,3.582,21,4.3,21h15.4c0.718,0,1.3-0.582,1.3-1.3V4.3 C21,3.582,20.418,3,19.7,3z M8.339,18.338H5.667v-8.59h2.672V18.338z M7.004,8.574c-0.857,0-1.549-0.694-1.549-1.548 c0-0.855,0.691-1.548,1.549-1.548c0.854,0,1.547,0.694,1.547,1.548C8.551,7.881,7.858,8.574,7.004,8.574z M18.339,18.338h-2.669 v-4.177c0-0.996-0.017-2.278-1.387-2.278c-1.389,0-1.601,1.086-1.601,2.206v4.249h-2.667v-8.59h2.559v1.174h0.037 c0.356-0.675,1.227-1.387,2.526-1.387c2.703,0,3.203,1.779,3.203,4.092V18.338z\"><\/path><\/svg><span class=\"wp-block-social-link-label screen-reader-text\">LinkedIn<\/span><\/a><\/li>\n\n<li style=\"color:#0B0620;\" class=\"wp-social-link wp-social-link-x has-foreground-color wp-block-social-link\"><a href=\"#\" class=\"wp-block-social-link-anchor\"><svg width=\"24\" height=\"24\" viewbox=\"0 0 24 24\" version=\"1.1\" xmlns=\"http:\/\/www.w3.org\/2000\/svg\" aria-hidden=\"true\" focusable=\"false\"><path d=\"M13.982 10.622 20.54 3h-1.554l-5.693 6.618L8.745 3H3.5l6.876 10.007L3.5 21h1.554l6.012-6.989L15.868 21h5.245l-7.131-10.378Zm-2.128 2.474-.697-.997-5.543-7.93H8l4.474 6.4.697.996 5.815 8.318h-2.387l-4.745-6.787Z\" \/><\/svg><span class=\"wp-block-social-link-label screen-reader-text\">X<\/span><\/a><\/li>\n\n<li style=\"color:#0B0620;\" class=\"wp-social-link wp-social-link-dribbble has-foreground-color wp-block-social-link\"><a href=\"#\" class=\"wp-block-social-link-anchor\"><svg width=\"24\" height=\"24\" viewbox=\"0 0 24 24\" version=\"1.1\" xmlns=\"http:\/\/www.w3.org\/2000\/svg\" aria-hidden=\"true\" focusable=\"false\"><path d=\"M12,22C6.486,22,2,17.514,2,12S6.486,2,12,2c5.514,0,10,4.486,10,10S17.514,22,12,22z M20.434,13.369 c-0.292-0.092-2.644-0.794-5.32-0.365c1.117,3.07,1.572,5.57,1.659,6.09C18.689,17.798,20.053,15.745,20.434,13.369z M15.336,19.876c-0.127-0.749-0.623-3.361-1.822-6.477c-0.019,0.006-0.038,0.013-0.056,0.019c-4.818,1.679-6.547,5.02-6.701,5.334 c1.448,1.129,3.268,1.803,5.243,1.803C13.183,20.555,14.311,20.313,15.336,19.876z M5.654,17.724 c0.193-0.331,2.538-4.213,6.943-5.637c0.111-0.036,0.224-0.07,0.337-0.102c-0.214-0.485-0.448-0.971-0.692-1.45 c-4.266,1.277-8.405,1.223-8.778,1.216c-0.003,0.087-0.004,0.174-0.004,0.261C3.458,14.207,4.29,16.21,5.654,17.724z M3.639,10.264 c0.382,0.005,3.901,0.02,7.897-1.041c-1.415-2.516-2.942-4.631-3.167-4.94C5.979,5.41,4.193,7.613,3.639,10.264z M9.998,3.709 c0.236,0.316,1.787,2.429,3.187,5c3.037-1.138,4.323-2.867,4.477-3.085C16.154,4.286,14.17,3.471,12,3.471 C11.311,3.471,10.641,3.554,9.998,3.709z M18.612,6.612C18.432,6.855,17,8.69,13.842,9.979c0.199,0.407,0.389,0.821,0.567,1.237 c0.063,0.148,0.124,0.295,0.184,0.441c2.842-0.357,5.666,0.215,5.948,0.275C20.522,9.916,19.801,8.065,18.612,6.612z\"><\/path><\/svg><span class=\"wp-block-social-link-label screen-reader-text\">Dribbble<\/span><\/a><\/li><\/ul>\n<\/div>\n<\/div>\n<\/div>\n<\/div>\n<\/div>\n\n\n\n<div class=\"wp-block-group alignfull is-style-ext-preset--group--natural-1--section has-background-background-color has-background has-global-padding is-layout-constrained wp-container-core-group-is-layout-e955bbaf wp-block-group-is-layout-constrained is-style-ext-preset--group--natural-1--section--5\" style=\"margin-top:0;margin-bottom:0;padding-top:var(--wp--preset--spacing--70);padding-bottom:var(--wp--preset--spacing--70)\">\n<div class=\"wp-block-group alignwide is-vertical is-content-justification-center is-layout-flex wp-container-core-group-is-layout-c9ee0c5a wp-block-group-is-layout-flex\">\n<div class=\"wp-block-group has-global-padding is-layout-constrained wp-container-core-group-is-layout-5e05634a wp-block-group-is-layout-constrained\">\n<h2 class=\"wp-block-heading has-text-align-center\">Authentic experiences from our passionate cycling travelers<\/h2>\n\n\n\n<p class=\"has-text-align-center\">Here you\u2019ll find a step-by-step guide to planning your perfect cycling tour in Crete and enjoying the full experience.<\/p>\n<\/div>\n<\/div>\n\n\n\n<div class=\"wp-block-columns alignwide are-vertically-aligned-center is-layout-flex wp-container-core-columns-is-layout-174606dc wp-block-columns-is-layout-flex\">\n<div class=\"wp-block-column is-vertically-aligned-center is-layout-flow wp-block-column-is-layout-flow\">\n<div class=\"wp-block-group alignwide is-vertical is-layout-flex wp-container-core-group-is-layout-c35747d5 wp-block-group-is-layout-flex\">\n<div class=\"wp-block-group has-global-padding is-layout-constrained wp-container-core-group-is-layout-dd32767c wp-block-group-is-layout-constrained\">\n<h3 class=\"wp-block-heading\">How CreteCycling makes unforgettable cycling holidays in Crete possible<\/h3>\n\n\n\n<p>his story shows how CreteCycling overcame challenges to provide you with reliable bikes and guided tours full of fun.<\/p>\n<\/div>\n\n\n\n<figure class=\"wp-block-image size-large\"><img loading=\"lazy\" decoding=\"async\" width=\"1024\" height=\"419\" src=\"https:\/\/cretecycling.eu\/wp-content\/uploads\/2026\/02\/20250925_132550-1024x419.jpg\" alt=\"\" class=\"wp-image-141\" srcset=\"https:\/\/cretecycling.eu\/wp-content\/uploads\/2026\/02\/20250925_132550-1024x419.jpg 1024w, https:\/\/cretecycling.eu\/wp-content\/uploads\/2026\/02\/20250925_132550-300x123.jpg 300w, https:\/\/cretecycling.eu\/wp-content\/uploads\/2026\/02\/20250925_132550-768x314.jpg 768w, https:\/\/cretecycling.eu\/wp-content\/uploads\/2026\/02\/20250925_132550-1536x629.jpg 1536w, https:\/\/cretecycling.eu\/wp-content\/uploads\/2026\/02\/20250925_132550-2048x839.jpg 2048w, https:\/\/cretecycling.eu\/wp-content\/uploads\/2026\/02\/20250925_132550-18x7.jpg 18w\" sizes=\"auto, (max-width: 1024px) 100vw, 1024px\" \/><\/figure>\n<\/div>\n<\/div>\n<\/div>\n\n\n\n<div class=\"wp-block-columns alignwide are-vertically-aligned-center is-layout-flex wp-container-core-columns-is-layout-ed161d23 wp-block-columns-is-layout-flex\" style=\"margin-top:var(--wp--preset--spacing--50)\">\n<div class=\"wp-block-column is-vertically-aligned-center is-layout-flow wp-block-column-is-layout-flow\">\n<div class=\"wp-block-group alignwide is-vertical is-layout-flex wp-container-core-group-is-layout-c35747d5 wp-block-group-is-layout-flex\">\n<div class=\"wp-block-group has-global-padding is-layout-constrained wp-container-core-group-is-layout-dd32767c wp-block-group-is-layout-constrained\">\n<h3 class=\"wp-block-heading\">With passion and expertise, we create unforgettable cycling adventures in Crete.<\/h3>\n\n\n\n<p>Here you\u2019ll learn how CreteCycling continuously improves its services and creates tailor\u2011made cycling tours for every need.<\/p>\n<\/div>\n\n\n\n<figure class=\"wp-block-image size-large\"><img loading=\"lazy\" decoding=\"async\" width=\"1024\" height=\"419\" src=\"https:\/\/cretecycling.eu\/wp-content\/uploads\/2026\/02\/20250929_164709-1024x419.jpg\" alt=\"\" class=\"wp-image-144\" srcset=\"https:\/\/cretecycling.eu\/wp-content\/uploads\/2026\/02\/20250929_164709-1024x419.jpg 1024w, https:\/\/cretecycling.eu\/wp-content\/uploads\/2026\/02\/20250929_164709-300x123.jpg 300w, https:\/\/cretecycling.eu\/wp-content\/uploads\/2026\/02\/20250929_164709-768x314.jpg 768w, https:\/\/cretecycling.eu\/wp-content\/uploads\/2026\/02\/20250929_164709-1536x629.jpg 1536w, https:\/\/cretecycling.eu\/wp-content\/uploads\/2026\/02\/20250929_164709-2048x839.jpg 2048w, https:\/\/cretecycling.eu\/wp-content\/uploads\/2026\/02\/20250929_164709-18x7.jpg 18w\" sizes=\"auto, (max-width: 1024px) 100vw, 1024px\" \/><\/figure>\n<\/div>\n<\/div>\n<\/div>\n\n\n\n<div class=\"wp-block-columns alignwide are-vertically-aligned-center is-layout-flex wp-container-core-columns-is-layout-ed161d23 wp-block-columns-is-layout-flex\" style=\"margin-top:var(--wp--preset--spacing--50)\">\n<div class=\"wp-block-column is-vertically-aligned-center is-layout-flow wp-block-column-is-layout-flow\">\n<div class=\"wp-block-group alignwide is-vertical is-layout-flex wp-container-core-group-is-layout-c35747d5 wp-block-group-is-layout-flex\">\n<div class=\"wp-block-group has-global-padding is-layout-constrained wp-container-core-group-is-layout-dd32767c wp-block-group-is-layout-constrained\">\n<h3 class=\"wp-block-heading\">How we make your cycling holiday in Crete a truly special experience<\/h3>\n\n\n\n<p>This case study illustrates how CreteCycling simplifies travel planning through personalized service and top\u2011quality bikes.<\/p>\n<\/div>\n\n\n\n<figure class=\"wp-block-image size-large\"><img loading=\"lazy\" decoding=\"async\" width=\"1024\" height=\"419\" src=\"https:\/\/cretecycling.eu\/wp-content\/uploads\/2026\/02\/20250921_141510-1024x419.jpg\" alt=\"\" class=\"wp-image-138\" srcset=\"https:\/\/cretecycling.eu\/wp-content\/uploads\/2026\/02\/20250921_141510-1024x419.jpg 1024w, https:\/\/cretecycling.eu\/wp-content\/uploads\/2026\/02\/20250921_141510-300x123.jpg 300w, https:\/\/cretecycling.eu\/wp-content\/uploads\/2026\/02\/20250921_141510-768x314.jpg 768w, https:\/\/cretecycling.eu\/wp-content\/uploads\/2026\/02\/20250921_141510-1536x629.jpg 1536w, https:\/\/cretecycling.eu\/wp-content\/uploads\/2026\/02\/20250921_141510-2048x839.jpg 2048w, https:\/\/cretecycling.eu\/wp-content\/uploads\/2026\/02\/20250921_141510-18x7.jpg 18w\" sizes=\"auto, (max-width: 1024px) 100vw, 1024px\" \/><\/figure>\n<\/div>\n<\/div>\n<\/div>\n\n\n\n<div class=\"wp-block-buttons is-content-justification-center is-layout-flex wp-container-core-buttons-is-layout-a89b3969 wp-block-buttons-is-layout-flex\">\n<div class=\"wp-block-button is-style-ext-preset--button--natural-1--button-1 is-style-ext-preset--button--natural-1--button-1--6\"><a class=\"wp-block-button__link wp-element-button\" href=\"https:\/\/cretecycling.eu\/en\/start\/\">Explore more<\/a><\/div>\n<\/div>\n<\/div>","protected":false},"excerpt":{"rendered":"<p>Erleben Sie Kreta mit unvergesslichen Fahrradtouren CreteCycling steht f\u00fcr nachhaltigen Fahrradtourismus, der Freude an Bewegung, Naturerlebnis und kulturelle Entdeckung auf Kreta vereint. Unsere Mission ist es, Radfahrern jeden Niveaus authentische Erlebnisse zu bieten, die Kreta von seiner sch\u00f6nsten Seite zeigen. Unvergessliche Radtouren entlang der atemberaubenden K\u00fcsten von Kreta Erfahren Sie mehr \u00fcber die engagierten Experten, [&hellip;]<\/p>\n","protected":false},"author":1,"featured_media":0,"parent":0,"menu_order":0,"comment_status":"closed","ping_status":"closed","template":"page-with-title","meta":{"footnotes":""},"class_list":["post-38","page","type-page","status-publish","hentry"],"yoast_head":"<!-- This site is optimized with the Yoast SEO plugin v27.3 - https:\/\/yoast.com\/product\/yoast-seo-wordpress\/ -->\n<title>\u00dcber uns - CreteCycling<\/title>\n<meta name=\"description\" content=\"Kreta entwickelt sich zum neuen Mallorca f\u00fcr ambitionierte Radfahrer. CreteCycling bietet gef\u00fchrte Touren sowie einen erstklassigen Fahrradverleih, der keine W\u00fcnsche offenl\u00e4sst\" \/>\n<meta name=\"robots\" content=\"index, follow, max-snippet:-1, max-image-preview:large, max-video-preview:-1\" \/>\n<link rel=\"canonical\" href=\"https:\/\/cretecycling.eu\/en\/ueber-uns\/\" \/>\n<meta property=\"og:locale\" content=\"en_US\" \/>\n<meta property=\"og:type\" content=\"article\" \/>\n<meta property=\"og:title\" content=\"\u00dcber uns - CreteCycling\" \/>\n<meta property=\"og:description\" content=\"Kreta entwickelt sich zum neuen Mallorca f\u00fcr ambitionierte Radfahrer. CreteCycling bietet gef\u00fchrte Touren sowie einen erstklassigen Fahrradverleih, der keine W\u00fcnsche offenl\u00e4sst\" \/>\n<meta property=\"og:url\" content=\"https:\/\/cretecycling.eu\/en\/ueber-uns\/\" \/>\n<meta property=\"og:site_name\" content=\"CreteCycling\" \/>\n<meta property=\"article:modified_time\" content=\"2026-02-25T11:43:24+00:00\" \/>\n<meta property=\"og:image\" content=\"https:\/\/cretecycling.eu\/wp-content\/uploads\/2026\/02\/20251219_103808-scaled.jpg\" \/>\n\t<meta property=\"og:image:width\" content=\"2560\" \/>\n\t<meta property=\"og:image:height\" content=\"1048\" \/>\n\t<meta property=\"og:image:type\" content=\"image\/jpeg\" \/>\n<meta name=\"twitter:card\" content=\"summary_large_image\" \/>\n<meta name=\"twitter:label1\" content=\"Est. reading time\" \/>\n\t<meta name=\"twitter:data1\" content=\"3 minutes\" \/>\n<script type=\"application\/ld+json\" class=\"yoast-schema-graph\">{\"@context\":\"https:\\\/\\\/schema.org\",\"@graph\":[{\"@type\":\"WebPage\",\"@id\":\"https:\\\/\\\/cretecycling.eu\\\/ueber-uns\\\/\",\"url\":\"https:\\\/\\\/cretecycling.eu\\\/ueber-uns\\\/\",\"name\":\"\u00dcber uns - CreteCycling\",\"isPartOf\":{\"@id\":\"https:\\\/\\\/cretecycling.eu\\\/#website\"},\"primaryImageOfPage\":{\"@id\":\"https:\\\/\\\/cretecycling.eu\\\/ueber-uns\\\/#primaryimage\"},\"image\":{\"@id\":\"https:\\\/\\\/cretecycling.eu\\\/ueber-uns\\\/#primaryimage\"},\"thumbnailUrl\":\"https:\\\/\\\/cretecycling.eu\\\/wp-content\\\/uploads\\\/2026\\\/02\\\/20251219_103808-1024x419.jpg\",\"datePublished\":\"2026-02-17T15:16:01+00:00\",\"dateModified\":\"2026-02-25T11:43:24+00:00\",\"description\":\"Kreta entwickelt sich zum neuen Mallorca f\u00fcr ambitionierte Radfahrer. CreteCycling bietet gef\u00fchrte Touren sowie einen erstklassigen Fahrradverleih, der keine W\u00fcnsche offenl\u00e4sst\",\"breadcrumb\":{\"@id\":\"https:\\\/\\\/cretecycling.eu\\\/ueber-uns\\\/#breadcrumb\"},\"inLanguage\":\"en-US\",\"potentialAction\":[{\"@type\":\"ReadAction\",\"target\":[\"https:\\\/\\\/cretecycling.eu\\\/ueber-uns\\\/\"]}]},{\"@type\":\"ImageObject\",\"inLanguage\":\"en-US\",\"@id\":\"https:\\\/\\\/cretecycling.eu\\\/ueber-uns\\\/#primaryimage\",\"url\":\"https:\\\/\\\/cretecycling.eu\\\/wp-content\\\/uploads\\\/2026\\\/02\\\/20251219_103808-1024x419.jpg\",\"contentUrl\":\"https:\\\/\\\/cretecycling.eu\\\/wp-content\\\/uploads\\\/2026\\\/02\\\/20251219_103808-1024x419.jpg\"},{\"@type\":\"BreadcrumbList\",\"@id\":\"https:\\\/\\\/cretecycling.eu\\\/ueber-uns\\\/#breadcrumb\",\"itemListElement\":[{\"@type\":\"ListItem\",\"position\":1,\"name\":\"Start\",\"item\":\"https:\\\/\\\/cretecycling.eu\\\/\"},{\"@type\":\"ListItem\",\"position\":2,\"name\":\"\u00dcber uns\"}]},{\"@type\":\"WebSite\",\"@id\":\"https:\\\/\\\/cretecycling.eu\\\/#website\",\"url\":\"https:\\\/\\\/cretecycling.eu\\\/\",\"name\":\"CreteCycling\",\"description\":\"CreteCycling makes the difference\",\"publisher\":{\"@id\":\"https:\\\/\\\/cretecycling.eu\\\/#organization\"},\"potentialAction\":[{\"@type\":\"SearchAction\",\"target\":{\"@type\":\"EntryPoint\",\"urlTemplate\":\"https:\\\/\\\/cretecycling.eu\\\/?s={search_term_string}\"},\"query-input\":{\"@type\":\"PropertyValueSpecification\",\"valueRequired\":true,\"valueName\":\"search_term_string\"}}],\"inLanguage\":\"en-US\"},{\"@type\":\"Organization\",\"@id\":\"https:\\\/\\\/cretecycling.eu\\\/#organization\",\"name\":\"CreteCycling IKE\",\"url\":\"https:\\\/\\\/cretecycling.eu\\\/\",\"logo\":{\"@type\":\"ImageObject\",\"inLanguage\":\"en-US\",\"@id\":\"https:\\\/\\\/cretecycling.eu\\\/#\\\/schema\\\/logo\\\/image\\\/\",\"url\":\"https:\\\/\\\/cretecycling.eu\\\/wp-content\\\/uploads\\\/2026\\\/02\\\/cropped-Copilot_20251026_142254.jpg\",\"contentUrl\":\"https:\\\/\\\/cretecycling.eu\\\/wp-content\\\/uploads\\\/2026\\\/02\\\/cropped-Copilot_20251026_142254.jpg\",\"width\":512,\"height\":512,\"caption\":\"CreteCycling IKE\"},\"image\":{\"@id\":\"https:\\\/\\\/cretecycling.eu\\\/#\\\/schema\\\/logo\\\/image\\\/\"}}]}<\/script>\n<!-- \/ Yoast SEO plugin. -->","yoast_head_json":{"title":"\u00dcber uns - CreteCycling","description":"Kreta entwickelt sich zum neuen Mallorca f\u00fcr ambitionierte Radfahrer. CreteCycling bietet gef\u00fchrte Touren sowie einen erstklassigen Fahrradverleih, der keine W\u00fcnsche offenl\u00e4sst","robots":{"index":"index","follow":"follow","max-snippet":"max-snippet:-1","max-image-preview":"max-image-preview:large","max-video-preview":"max-video-preview:-1"},"canonical":"https:\/\/cretecycling.eu\/en\/ueber-uns\/","og_locale":"en_US","og_type":"article","og_title":"\u00dcber uns - CreteCycling","og_description":"Kreta entwickelt sich zum neuen Mallorca f\u00fcr ambitionierte Radfahrer. CreteCycling bietet gef\u00fchrte Touren sowie einen erstklassigen Fahrradverleih, der keine W\u00fcnsche offenl\u00e4sst","og_url":"https:\/\/cretecycling.eu\/en\/ueber-uns\/","og_site_name":"CreteCycling","article_modified_time":"2026-02-25T11:43:24+00:00","og_image":[{"width":2560,"height":1048,"url":"https:\/\/cretecycling.eu\/wp-content\/uploads\/2026\/02\/20251219_103808-scaled.jpg","type":"image\/jpeg"}],"twitter_card":"summary_large_image","twitter_misc":{"Est. reading time":"3 minutes"},"schema":{"@context":"https:\/\/schema.org","@graph":[{"@type":"WebPage","@id":"https:\/\/cretecycling.eu\/ueber-uns\/","url":"https:\/\/cretecycling.eu\/ueber-uns\/","name":"\u00dcber uns - CreteCycling","isPartOf":{"@id":"https:\/\/cretecycling.eu\/#website"},"primaryImageOfPage":{"@id":"https:\/\/cretecycling.eu\/ueber-uns\/#primaryimage"},"image":{"@id":"https:\/\/cretecycling.eu\/ueber-uns\/#primaryimage"},"thumbnailUrl":"https:\/\/cretecycling.eu\/wp-content\/uploads\/2026\/02\/20251219_103808-1024x419.jpg","datePublished":"2026-02-17T15:16:01+00:00","dateModified":"2026-02-25T11:43:24+00:00","description":"Kreta entwickelt sich zum neuen Mallorca f\u00fcr ambitionierte Radfahrer. CreteCycling bietet gef\u00fchrte Touren sowie einen erstklassigen Fahrradverleih, der keine W\u00fcnsche offenl\u00e4sst","breadcrumb":{"@id":"https:\/\/cretecycling.eu\/ueber-uns\/#breadcrumb"},"inLanguage":"en-US","potentialAction":[{"@type":"ReadAction","target":["https:\/\/cretecycling.eu\/ueber-uns\/"]}]},{"@type":"ImageObject","inLanguage":"en-US","@id":"https:\/\/cretecycling.eu\/ueber-uns\/#primaryimage","url":"https:\/\/cretecycling.eu\/wp-content\/uploads\/2026\/02\/20251219_103808-1024x419.jpg","contentUrl":"https:\/\/cretecycling.eu\/wp-content\/uploads\/2026\/02\/20251219_103808-1024x419.jpg"},{"@type":"BreadcrumbList","@id":"https:\/\/cretecycling.eu\/ueber-uns\/#breadcrumb","itemListElement":[{"@type":"ListItem","position":1,"name":"Start","item":"https:\/\/cretecycling.eu\/"},{"@type":"ListItem","position":2,"name":"\u00dcber uns"}]},{"@type":"WebSite","@id":"https:\/\/cretecycling.eu\/#website","url":"https:\/\/cretecycling.eu\/","name":"CreteCycling","description":"CreteCycling makes the difference","publisher":{"@id":"https:\/\/cretecycling.eu\/#organization"},"potentialAction":[{"@type":"SearchAction","target":{"@type":"EntryPoint","urlTemplate":"https:\/\/cretecycling.eu\/?s={search_term_string}"},"query-input":{"@type":"PropertyValueSpecification","valueRequired":true,"valueName":"search_term_string"}}],"inLanguage":"en-US"},{"@type":"Organization","@id":"https:\/\/cretecycling.eu\/#organization","name":"CreteCycling IKE","url":"https:\/\/cretecycling.eu\/","logo":{"@type":"ImageObject","inLanguage":"en-US","@id":"https:\/\/cretecycling.eu\/#\/schema\/logo\/image\/","url":"https:\/\/cretecycling.eu\/wp-content\/uploads\/2026\/02\/cropped-Copilot_20251026_142254.jpg","contentUrl":"https:\/\/cretecycling.eu\/wp-content\/uploads\/2026\/02\/cropped-Copilot_20251026_142254.jpg","width":512,"height":512,"caption":"CreteCycling IKE"},"image":{"@id":"https:\/\/cretecycling.eu\/#\/schema\/logo\/image\/"}}]}},"_links":{"self":[{"href":"https:\/\/cretecycling.eu\/en\/wp-json\/wp\/v2\/pages\/38","targetHints":{"allow":["GET"]}}],"collection":[{"href":"https:\/\/cretecycling.eu\/en\/wp-json\/wp\/v2\/pages"}],"about":[{"href":"https:\/\/cretecycling.eu\/en\/wp-json\/wp\/v2\/types\/page"}],"author":[{"embeddable":true,"href":"https:\/\/cretecycling.eu\/en\/wp-json\/wp\/v2\/users\/1"}],"replies":[{"embeddable":true,"href":"https:\/\/cretecycling.eu\/en\/wp-json\/wp\/v2\/comments?post=38"}],"version-history":[{"count":8,"href":"https:\/\/cretecycling.eu\/en\/wp-json\/wp\/v2\/pages\/38\/revisions"}],"predecessor-version":[{"id":197,"href":"https:\/\/cretecycling.eu\/en\/wp-json\/wp\/v2\/pages\/38\/revisions\/197"}],"wp:attachment":[{"href":"https:\/\/cretecycling.eu\/en\/wp-json\/wp\/v2\/media?parent=38"}],"curies":[{"name":"wp","href":"https:\/\/api.w.org\/{rel}","templated":true}]}}