{"id":40,"date":"2026-02-17T15:16:02","date_gmt":"2026-02-17T15:16:02","guid":{"rendered":"https:\/\/cretecycling.eu\/kontakt\/"},"modified":"2026-02-25T11:51:32","modified_gmt":"2026-02-25T11:51:32","slug":"kontakt","status":"publish","type":"page","link":"https:\/\/cretecycling.eu\/en\/kontakt\/","title":{"rendered":"Contact us"},"content":{"rendered":"<div class=\"wp-block-group alignfull is-style-ext-preset--group--natural-1--section has-background-background-color has-background has-global-padding is-layout-constrained wp-block-group-is-layout-constrained is-style-ext-preset--group--natural-1--section--1\" id=\"kontakt\" style=\"margin-top:0;margin-bottom:0;padding-top:var(--wp--preset--spacing--70);padding-bottom:var(--wp--preset--spacing--70)\">\n<div class=\"wp-block-media-text alignwide has-media-on-the-right is-stacked-on-mobile is-image-fill-element is-style-ext-preset--media-text--natural-1--card-1 has-tertiary-background-color has-background is-style-ext-preset--media-text--natural-1--card-1--2\" style=\"grid-template-columns:auto 48%\"><div class=\"wp-block-media-text__content\">\n<div class=\"wp-block-group alignwide has-global-padding is-layout-constrained wp-container-core-group-is-layout-48493932 wp-block-group-is-layout-constrained\" style=\"padding-top:var(--wp--preset--spacing--55);padding-right:var(--wp--preset--spacing--55);padding-bottom:var(--wp--preset--spacing--55);padding-left:var(--wp--preset--spacing--55)\">\n<div class=\"wp-block-contact-form-7-contact-form-selector\">\n<div class=\"wpcf7 no-js\" id=\"wpcf7-f35-o1\" lang=\"de-DE\" dir=\"ltr\" data-wpcf7-id=\"35\">\n<div class=\"screen-reader-response\"><p role=\"status\" aria-live=\"polite\" aria-atomic=\"true\"><\/p> <ul><\/ul><\/div>\n<form action=\"\/en\/wp-json\/wp\/v2\/pages\/40#wpcf7-f35-o1\" method=\"post\" class=\"wpcf7-form init\" aria-label=\"Kontaktformular\" novalidate=\"novalidate\" data-status=\"init\" data-trp-original-action=\"\/en\/wp-json\/wp\/v2\/pages\/40#wpcf7-f35-o1\">\n<fieldset class=\"hidden-fields-container\"><input type=\"hidden\" name=\"_wpcf7\" value=\"35\" \/><input type=\"hidden\" name=\"_wpcf7_version\" value=\"6.1.5\" \/><input type=\"hidden\" name=\"_wpcf7_locale\" value=\"de_DE\" \/><input type=\"hidden\" name=\"_wpcf7_unit_tag\" value=\"wpcf7-f35-o1\" \/><input type=\"hidden\" name=\"_wpcf7_container_post\" value=\"0\" \/><input type=\"hidden\" name=\"_wpcf7_posted_data_hash\" value=\"\" \/>\n<\/fieldset>\n<p><label> Your name<br \/>\n<span class=\"wpcf7-form-control-wrap\" data-name=\"your-name\"><input size=\"40\" maxlength=\"400\" class=\"wpcf7-form-control wpcf7-text wpcf7-validates-as-required\" autocomplete=\"name\" aria-required=\"true\" aria-invalid=\"false\" value=\"\" type=\"text\" name=\"your-name\" \/><\/span> <\/label>\n<\/p>\n<p><label> Your email<br \/>\n<span class=\"wpcf7-form-control-wrap\" data-name=\"your-email\"><input size=\"40\" maxlength=\"400\" class=\"wpcf7-form-control wpcf7-email wpcf7-validates-as-required wpcf7-text wpcf7-validates-as-email\" autocomplete=\"email\" aria-required=\"true\" aria-invalid=\"false\" value=\"\" type=\"email\" name=\"your-email\" \/><\/span> <\/label>\n<\/p>\n<p><label> Subject<br \/>\n<span class=\"wpcf7-form-control-wrap\" data-name=\"your-subject\"><input size=\"40\" maxlength=\"400\" class=\"wpcf7-form-control wpcf7-text wpcf7-validates-as-required\" aria-required=\"true\" aria-invalid=\"false\" value=\"\" type=\"text\" name=\"your-subject\" \/><\/span> <\/label>\n<\/p>\n<p><label> Your message (optional)<br \/>\n<span class=\"wpcf7-form-control-wrap\" data-name=\"your-message\"><textarea cols=\"40\" rows=\"10\" maxlength=\"2000\" class=\"wpcf7-form-control wpcf7-textarea\" aria-invalid=\"false\" name=\"your-message\"><\/textarea><\/span> <\/label>\n<\/p>\n<p><input class=\"wpcf7-form-control wpcf7-submit has-spinner\" type=\"submit\" value=\"Send\" \/>\n<\/p><div class=\"wpcf7-response-output\" aria-hidden=\"true\"><\/div>\n<input type=\"hidden\" name=\"trp-form-language\" value=\"en\"\/><\/form>\n<\/div>\n<\/div>\n<\/div>\n<\/div><figure class=\"wp-block-media-text__media\"><img loading=\"lazy\" decoding=\"async\" width=\"1440\" height=\"958\" src=\"https:\/\/cretecycling.eu\/wp-content\/uploads\/2026\/02\/f213aea3c1027699fcb22e86b35cd540a567ec8a.jpg\" alt=\"\" class=\"wp-image-64 size-full\" style=\"object-position:50% 50%\" srcset=\"https:\/\/cretecycling.eu\/wp-content\/uploads\/2026\/02\/f213aea3c1027699fcb22e86b35cd540a567ec8a.jpg 1440w, https:\/\/cretecycling.eu\/wp-content\/uploads\/2026\/02\/f213aea3c1027699fcb22e86b35cd540a567ec8a-300x200.jpg 300w, https:\/\/cretecycling.eu\/wp-content\/uploads\/2026\/02\/f213aea3c1027699fcb22e86b35cd540a567ec8a-1024x681.jpg 1024w, https:\/\/cretecycling.eu\/wp-content\/uploads\/2026\/02\/f213aea3c1027699fcb22e86b35cd540a567ec8a-768x511.jpg 768w, https:\/\/cretecycling.eu\/wp-content\/uploads\/2026\/02\/f213aea3c1027699fcb22e86b35cd540a567ec8a-18x12.jpg 18w\" sizes=\"auto, (max-width: 1440px) 100vw, 1440px\" \/><\/figure><\/div>\n<\/div>\n\n\n\n<div class=\"wp-block-group alignfull is-style-ext-preset--group--natural-1--section has-tertiary-background-color has-background has-global-padding is-layout-constrained wp-block-group-is-layout-constrained is-style-ext-preset--group--natural-1--section--3\" style=\"margin-top:0;margin-bottom:0;padding-top:var(--wp--preset--spacing--70);padding-bottom:var(--wp--preset--spacing--70)\">\n<div class=\"wp-block-columns alignwide is-layout-flex wp-container-core-columns-is-layout-08c01c1c wp-block-columns-is-layout-flex\">\n<div class=\"wp-block-column is-vertically-aligned-center is-layout-flow wp-block-column-is-layout-flow\">\n<figure class=\"wp-block-image is-style-ext-preset--image--natural-1--image-1--content-left is-style-ext-preset--image--natural-1--image-1--content-left--4\"><img loading=\"lazy\" decoding=\"async\" width=\"1440\" height=\"930\" src=\"https:\/\/cretecycling.eu\/wp-content\/uploads\/2026\/02\/9c406f7ff3107f6c2384f46da388b63750bc0965.jpg\" alt=\"\" class=\"wp-image-66\" style=\"aspect-ratio:4\/3;object-fit:cover\" srcset=\"https:\/\/cretecycling.eu\/wp-content\/uploads\/2026\/02\/9c406f7ff3107f6c2384f46da388b63750bc0965.jpg 1440w, https:\/\/cretecycling.eu\/wp-content\/uploads\/2026\/02\/9c406f7ff3107f6c2384f46da388b63750bc0965-300x194.jpg 300w, https:\/\/cretecycling.eu\/wp-content\/uploads\/2026\/02\/9c406f7ff3107f6c2384f46da388b63750bc0965-1024x661.jpg 1024w, https:\/\/cretecycling.eu\/wp-content\/uploads\/2026\/02\/9c406f7ff3107f6c2384f46da388b63750bc0965-768x496.jpg 768w, https:\/\/cretecycling.eu\/wp-content\/uploads\/2026\/02\/9c406f7ff3107f6c2384f46da388b63750bc0965-18x12.jpg 18w\" sizes=\"auto, (max-width: 1440px) 100vw, 1440px\" \/><\/figure>\n<\/div>\n\n\n\n<div class=\"wp-block-column is-vertically-aligned-stretch is-layout-flow wp-block-column-is-layout-flow\">\n<div class=\"wp-block-group alignwide is-style-ext-preset--group--natural-1--item-card-1--align-start has-background-background-color has-background is-nowrap is-layout-flex wp-container-core-group-is-layout-bcde1d39 wp-block-group-is-layout-flex is-style-ext-preset--group--natural-1--item-card-1--align-start--5\" style=\"min-height:100%;padding-top:0;padding-right:0;padding-bottom:0;padding-left:0\">\n<div class=\"wp-block-group alignwide has-global-padding is-layout-constrained wp-container-core-group-is-layout-71f8e6ab wp-block-group-is-layout-constrained\" style=\"padding-top:var(--wp--preset--spacing--50);padding-right:var(--wp--preset--spacing--50);padding-bottom:var(--wp--preset--spacing--50);padding-left:var(--wp--preset--spacing--50)\">\n<div class=\"wp-block-group has-global-padding is-layout-constrained wp-container-core-group-is-layout-812d5580 wp-block-group-is-layout-constrained\" style=\"padding-top:0;padding-right:0;padding-bottom:0;padding-left:0\">\n<p style=\"font-size:clamp(14px, 0.875rem + ((1vw - 3.2px) * 0.417), 18px);\">Contact us with ease \u2014 our addresses, phone numbers, and email information are always available to assist you.<\/p>\n\n\n\n<div class=\"wp-block-columns is-not-stacked-on-mobile is-layout-flex wp-container-core-columns-is-layout-6db7e666 wp-block-columns-is-layout-flex\">\n<div class=\"wp-block-column is-layout-flow wp-block-column-is-layout-flow\" style=\"padding-top:2px;flex-basis:24px\">\n<figure class=\"wp-block-image size-large wp-duotone-primary-foreground\"><img decoding=\"async\" src=\"data:image\/svg+xml;base64,PHN2ZyB4bWxucz0iaHR0cDovL3d3dy53My5vcmcvMjAwMC9zdmciIHdpZHRoPSIyNCIgaGVpZ2h0PSIyNCIgZmlsbD0iIzAwMDAwMCIgdmlld0JveD0iMCAwIDI1NiAyNTYiPjxwYXRoIGQ9Ik0yMDAsMjI0SDE1MC41NEEyNjYuNTYsMjY2LjU2LDAsMCwwLDE3NCwyMDAuMjVjMjcuNDUtMzEuNTcsNDItNjQuODUsNDItOTYuMjVhODgsODgsMCwwLDAtMTc2LDBjMCwzMS40LDE0LjUxLDY0LjY4LDQyLDk2LjI1QTI2Ni41NiwyNjYuNTYsMCwwLDAsMTA1LjQ2LDIyNEg1NmE4LDgsMCwwLDAsMCwxNkgyMDBhOCw4LDAsMCwwLDAtMTZaTTU2LDEwNGE3Miw3MiwwLDAsMSwxNDQsMGMwLDU3LjIzLTU1LjQ3LDEwNS03MiwxMThDMTExLjQ3LDIwOSw1NiwxNjEuMjMsNTYsMTA0Wm0xMTIsMGE0MCw0MCwwLDEsMC00MCw0MEE0MCw0MCwwLDAsMCwxNjgsMTA0Wm0tNjQsMGEyNCwyNCwwLDEsMSwyNCwyNEEyNCwyNCwwLDAsMSwxMDQsMTA0WiI+PC9wYXRoPjwvc3ZnPg==\" alt=\"\"\/><\/figure>\n<\/div>\n\n\n\n<div class=\"wp-block-column is-layout-flow wp-container-core-column-is-layout-8a368f38 wp-block-column-is-layout-flow\">\n<p class=\"has-medium-font-size\" style=\"font-style:normal;font-weight:500\">72400 Sisi Lassithi \/ Crete<\/p>\n\n\n\n<p class=\"has-medium-font-size\" style=\"margin-top:0;margin-bottom:0;font-style:normal;font-weight:500\">Gialia &#8211; Sissio<\/p>\n<\/div>\n<\/div>\n\n\n\n<div class=\"wp-block-columns are-vertically-aligned-center is-not-stacked-on-mobile is-layout-flex wp-container-core-columns-is-layout-6db7e666 wp-block-columns-is-layout-flex\">\n<div class=\"wp-block-column is-vertically-aligned-center is-layout-flow wp-block-column-is-layout-flow\" style=\"flex-basis:24px\">\n<figure class=\"wp-block-image size-large wp-duotone-primary-foreground\"><img decoding=\"async\" src=\"data:image\/svg+xml;base64,PHN2ZyB4bWxucz0iaHR0cDovL3d3dy53My5vcmcvMjAwMC9zdmciIHdpZHRoPSIyNCIgaGVpZ2h0PSIyNCIgZmlsbD0iIzAwMDAwMCIgdmlld0JveD0iMCAwIDI1NiAyNTYiPjxwYXRoIGQ9Ik0yMjIuMzcsMTU4LjQ2bC00Ny4xMS0yMS4xMS0uMTMtLjA2YTE2LDE2LDAsMCwwLTE1LjE3LDEuNCw4LjEyLDguMTIsMCwwLDAtLjc1LjU2TDEzNC44NywxNjBjLTE1LjQyLTcuNDktMzEuMzQtMjMuMjktMzguODMtMzguNTFsMjAuNzgtMjQuNzFjLjItLjI1LjM5LS41LjU3LS43N2ExNiwxNiwwLDAsMCwxLjMyLTE1LjA2bDAtLjEyTDk3LjU0LDMzLjY0YTE2LDE2LDAsMCwwLTE2LjYyLTkuNTJBNTYuMjYsNTYuMjYsMCwwLDAsMzIsODBjMCw3OS40LDY0LjYsMTQ0LDE0NCwxNDRhNTYuMjYsNTYuMjYsMCwwLDAsNTUuODgtNDguOTJBMTYsMTYsMCwwLDAsMjIyLjM3LDE1OC40NlpNMTc2LDIwOEExMjguMTQsMTI4LjE0LDAsMCwxLDQ4LDgwLDQwLjIsNDAuMiwwLDAsMSw4Mi44Nyw0MGEuNjEuNjEsMCwwLDAsMCwuMTJsMjEsNDdMODMuMiwxMTEuODZhNi4xMyw2LjEzLDAsMCwwLS41Ny43NywxNiwxNiwwLDAsMC0xLDE1LjdjOS4wNiwxOC41MywyNy43MywzNy4wNiw0Ni40Niw0Ni4xMWExNiwxNiwwLDAsMCwxNS43NS0xLjE0LDguNDQsOC40NCwwLDAsMCwuNzQtLjU2TDE2OC44OSwxNTJsNDcsMjEuMDVoMHMuMDgsMCwuMTEsMEE0MC4yMSw0MC4yMSwwLDAsMSwxNzYsMjA4WiI+PC9wYXRoPjwvc3ZnPg==\" alt=\"\"\/><\/figure>\n<\/div>\n\n\n\n<div class=\"wp-block-column is-vertically-aligned-center is-layout-flow wp-container-core-column-is-layout-8a368f38 wp-block-column-is-layout-flow\">\n<p class=\"has-medium-font-size\" style=\"font-style:normal;font-weight:500\">+30 694 8477632<\/p>\n<\/div>\n<\/div>\n\n\n\n<div class=\"wp-block-columns are-vertically-aligned-center is-not-stacked-on-mobile is-layout-flex wp-container-core-columns-is-layout-6db7e666 wp-block-columns-is-layout-flex\">\n<div class=\"wp-block-column is-vertically-aligned-center is-layout-flow wp-block-column-is-layout-flow\" style=\"flex-basis:24px\">\n<figure class=\"wp-block-image size-large wp-duotone-primary-foreground\"><img decoding=\"async\" src=\"data:image\/svg+xml;base64,PHN2ZyB4bWxucz0iaHR0cDovL3d3dy53My5vcmcvMjAwMC9zdmciIHdpZHRoPSIyNCIgaGVpZ2h0PSIyNCIgZmlsbD0iIzAwMDAwMCIgdmlld0JveD0iMCAwIDI1NiAyNTYiPjxwYXRoIGQ9Ik0yMjQsNDhIMzJhOCw4LDAsMCwwLTgsOFYxOTJhMTYsMTYsMCwwLDAsMTYsMTZIMjE2YTE2LDE2LDAsMCwwLDE2LTE2VjU2QTgsOCwwLDAsMCwyMjQsNDhaTTIwMy40Myw2NCwxMjgsMTMzLjE1LDUyLjU3LDY0Wk0yMTYsMTkySDQwVjc0LjE5bDgyLjU5LDc1LjcxYTgsOCwwLDAsMCwxMC44MiwwTDIxNiw3NC4xOVYxOTJaIj48L3BhdGg+PC9zdmc+\" alt=\"\"\/><\/figure>\n<\/div>\n\n\n\n<div class=\"wp-block-column is-vertically-aligned-center is-layout-flow wp-container-core-column-is-layout-8a368f38 wp-block-column-is-layout-flow\">\n<p class=\"has-medium-font-size\" style=\"font-style:normal;font-weight:500\">info@cretecycling.eu<\/p>\n<\/div>\n<\/div>\n<\/div>\n<\/div>\n<\/div>\n<\/div>\n<\/div>\n<\/div>","protected":false},"excerpt":{"rendered":"<p>Kontaktieren Sie uns unkompliziert \u2013 unsere Adressen, Telefonnummern und E-Mail-Informationen stehen Ihnen f\u00fcr Ihre Fragen jederzeit zur Verf\u00fcgung. 72400 Sisi Lassithi \/ Crete Gialia &#8211; Sissio +30 694 8477632 info@cretecycling.eu<\/p>","protected":false},"author":1,"featured_media":0,"parent":0,"menu_order":0,"comment_status":"closed","ping_status":"closed","template":"page-with-title","meta":{"footnotes":""},"class_list":["post-40","page","type-page","status-publish","hentry"],"yoast_head":"<!-- This site is optimized with the Yoast SEO plugin v27.3 - https:\/\/yoast.com\/product\/yoast-seo-wordpress\/ -->\n<title>Kontakt - CreteCycling<\/title>\n<meta name=\"description\" content=\"Kreta entwickelt sich zum neuen Mallorca f\u00fcr ambitionierte Radfahrer. CreteCycling bietet gef\u00fchrte Touren sowie einen erstklassigen Fahrradverleih, der keine W\u00fcnsche offenl\u00e4sst\" \/>\n<meta name=\"robots\" content=\"index, follow, max-snippet:-1, max-image-preview:large, max-video-preview:-1\" \/>\n<link rel=\"canonical\" href=\"https:\/\/cretecycling.eu\/en\/kontakt\/\" \/>\n<meta property=\"og:locale\" content=\"en_US\" \/>\n<meta property=\"og:type\" content=\"article\" \/>\n<meta property=\"og:title\" content=\"Kontakt - CreteCycling\" \/>\n<meta property=\"og:description\" content=\"Kreta entwickelt sich zum neuen Mallorca f\u00fcr ambitionierte Radfahrer. CreteCycling bietet gef\u00fchrte Touren sowie einen erstklassigen Fahrradverleih, der keine W\u00fcnsche offenl\u00e4sst\" \/>\n<meta property=\"og:url\" content=\"https:\/\/cretecycling.eu\/en\/kontakt\/\" \/>\n<meta property=\"og:site_name\" content=\"CreteCycling\" \/>\n<meta property=\"article:modified_time\" content=\"2026-02-25T11:51:32+00:00\" \/>\n<meta property=\"og:image\" content=\"https:\/\/cretecycling.eu\/wp-content\/uploads\/2026\/02\/f213aea3c1027699fcb22e86b35cd540a567ec8a.jpg\" \/>\n\t<meta property=\"og:image:width\" content=\"1440\" \/>\n\t<meta property=\"og:image:height\" content=\"958\" \/>\n\t<meta property=\"og:image:type\" content=\"image\/jpeg\" \/>\n<meta name=\"twitter:card\" content=\"summary_large_image\" \/>\n<meta name=\"twitter:label1\" content=\"Est. reading time\" \/>\n\t<meta name=\"twitter:data1\" content=\"2 minutes\" \/>\n<script type=\"application\/ld+json\" class=\"yoast-schema-graph\">{\"@context\":\"https:\\\/\\\/schema.org\",\"@graph\":[{\"@type\":\"WebPage\",\"@id\":\"https:\\\/\\\/cretecycling.eu\\\/kontakt\\\/\",\"url\":\"https:\\\/\\\/cretecycling.eu\\\/kontakt\\\/\",\"name\":\"Kontakt - CreteCycling\",\"isPartOf\":{\"@id\":\"https:\\\/\\\/cretecycling.eu\\\/#website\"},\"primaryImageOfPage\":{\"@id\":\"https:\\\/\\\/cretecycling.eu\\\/kontakt\\\/#primaryimage\"},\"image\":{\"@id\":\"https:\\\/\\\/cretecycling.eu\\\/kontakt\\\/#primaryimage\"},\"thumbnailUrl\":\"https:\\\/\\\/cretecycling.eu\\\/wp-content\\\/uploads\\\/2026\\\/02\\\/f213aea3c1027699fcb22e86b35cd540a567ec8a.jpg\",\"datePublished\":\"2026-02-17T15:16:02+00:00\",\"dateModified\":\"2026-02-25T11:51:32+00:00\",\"description\":\"Kreta entwickelt sich zum neuen Mallorca f\u00fcr ambitionierte Radfahrer. CreteCycling bietet gef\u00fchrte Touren sowie einen erstklassigen Fahrradverleih, der keine W\u00fcnsche offenl\u00e4sst\",\"breadcrumb\":{\"@id\":\"https:\\\/\\\/cretecycling.eu\\\/kontakt\\\/#breadcrumb\"},\"inLanguage\":\"en-US\",\"potentialAction\":[{\"@type\":\"ReadAction\",\"target\":[\"https:\\\/\\\/cretecycling.eu\\\/kontakt\\\/\"]}]},{\"@type\":\"ImageObject\",\"inLanguage\":\"en-US\",\"@id\":\"https:\\\/\\\/cretecycling.eu\\\/kontakt\\\/#primaryimage\",\"url\":\"https:\\\/\\\/cretecycling.eu\\\/wp-content\\\/uploads\\\/2026\\\/02\\\/f213aea3c1027699fcb22e86b35cd540a567ec8a.jpg\",\"contentUrl\":\"https:\\\/\\\/cretecycling.eu\\\/wp-content\\\/uploads\\\/2026\\\/02\\\/f213aea3c1027699fcb22e86b35cd540a567ec8a.jpg\"},{\"@type\":\"BreadcrumbList\",\"@id\":\"https:\\\/\\\/cretecycling.eu\\\/kontakt\\\/#breadcrumb\",\"itemListElement\":[{\"@type\":\"ListItem\",\"position\":1,\"name\":\"Start\",\"item\":\"https:\\\/\\\/cretecycling.eu\\\/\"},{\"@type\":\"ListItem\",\"position\":2,\"name\":\"Kontakt\"}]},{\"@type\":\"WebSite\",\"@id\":\"https:\\\/\\\/cretecycling.eu\\\/#website\",\"url\":\"https:\\\/\\\/cretecycling.eu\\\/\",\"name\":\"CreteCycling\",\"description\":\"CreteCycling makes the difference\",\"publisher\":{\"@id\":\"https:\\\/\\\/cretecycling.eu\\\/#organization\"},\"potentialAction\":[{\"@type\":\"SearchAction\",\"target\":{\"@type\":\"EntryPoint\",\"urlTemplate\":\"https:\\\/\\\/cretecycling.eu\\\/?s={search_term_string}\"},\"query-input\":{\"@type\":\"PropertyValueSpecification\",\"valueRequired\":true,\"valueName\":\"search_term_string\"}}],\"inLanguage\":\"en-US\"},{\"@type\":\"Organization\",\"@id\":\"https:\\\/\\\/cretecycling.eu\\\/#organization\",\"name\":\"CreteCycling IKE\",\"url\":\"https:\\\/\\\/cretecycling.eu\\\/\",\"logo\":{\"@type\":\"ImageObject\",\"inLanguage\":\"en-US\",\"@id\":\"https:\\\/\\\/cretecycling.eu\\\/#\\\/schema\\\/logo\\\/image\\\/\",\"url\":\"https:\\\/\\\/cretecycling.eu\\\/wp-content\\\/uploads\\\/2026\\\/02\\\/cropped-Copilot_20251026_142254.jpg\",\"contentUrl\":\"https:\\\/\\\/cretecycling.eu\\\/wp-content\\\/uploads\\\/2026\\\/02\\\/cropped-Copilot_20251026_142254.jpg\",\"width\":512,\"height\":512,\"caption\":\"CreteCycling IKE\"},\"image\":{\"@id\":\"https:\\\/\\\/cretecycling.eu\\\/#\\\/schema\\\/logo\\\/image\\\/\"}}]}<\/script>\n<!-- \/ Yoast SEO plugin. -->","yoast_head_json":{"title":"Kontakt - CreteCycling","description":"Kreta entwickelt sich zum neuen Mallorca f\u00fcr ambitionierte Radfahrer. CreteCycling bietet gef\u00fchrte Touren sowie einen erstklassigen Fahrradverleih, der keine W\u00fcnsche offenl\u00e4sst","robots":{"index":"index","follow":"follow","max-snippet":"max-snippet:-1","max-image-preview":"max-image-preview:large","max-video-preview":"max-video-preview:-1"},"canonical":"https:\/\/cretecycling.eu\/en\/kontakt\/","og_locale":"en_US","og_type":"article","og_title":"Kontakt - CreteCycling","og_description":"Kreta entwickelt sich zum neuen Mallorca f\u00fcr ambitionierte Radfahrer. CreteCycling bietet gef\u00fchrte Touren sowie einen erstklassigen Fahrradverleih, der keine W\u00fcnsche offenl\u00e4sst","og_url":"https:\/\/cretecycling.eu\/en\/kontakt\/","og_site_name":"CreteCycling","article_modified_time":"2026-02-25T11:51:32+00:00","og_image":[{"width":1440,"height":958,"url":"https:\/\/cretecycling.eu\/wp-content\/uploads\/2026\/02\/f213aea3c1027699fcb22e86b35cd540a567ec8a.jpg","type":"image\/jpeg"}],"twitter_card":"summary_large_image","twitter_misc":{"Est. reading time":"2 minutes"},"schema":{"@context":"https:\/\/schema.org","@graph":[{"@type":"WebPage","@id":"https:\/\/cretecycling.eu\/kontakt\/","url":"https:\/\/cretecycling.eu\/kontakt\/","name":"Kontakt - CreteCycling","isPartOf":{"@id":"https:\/\/cretecycling.eu\/#website"},"primaryImageOfPage":{"@id":"https:\/\/cretecycling.eu\/kontakt\/#primaryimage"},"image":{"@id":"https:\/\/cretecycling.eu\/kontakt\/#primaryimage"},"thumbnailUrl":"https:\/\/cretecycling.eu\/wp-content\/uploads\/2026\/02\/f213aea3c1027699fcb22e86b35cd540a567ec8a.jpg","datePublished":"2026-02-17T15:16:02+00:00","dateModified":"2026-02-25T11:51:32+00:00","description":"Kreta entwickelt sich zum neuen Mallorca f\u00fcr ambitionierte Radfahrer. CreteCycling bietet gef\u00fchrte Touren sowie einen erstklassigen Fahrradverleih, der keine W\u00fcnsche offenl\u00e4sst","breadcrumb":{"@id":"https:\/\/cretecycling.eu\/kontakt\/#breadcrumb"},"inLanguage":"en-US","potentialAction":[{"@type":"ReadAction","target":["https:\/\/cretecycling.eu\/kontakt\/"]}]},{"@type":"ImageObject","inLanguage":"en-US","@id":"https:\/\/cretecycling.eu\/kontakt\/#primaryimage","url":"https:\/\/cretecycling.eu\/wp-content\/uploads\/2026\/02\/f213aea3c1027699fcb22e86b35cd540a567ec8a.jpg","contentUrl":"https:\/\/cretecycling.eu\/wp-content\/uploads\/2026\/02\/f213aea3c1027699fcb22e86b35cd540a567ec8a.jpg"},{"@type":"BreadcrumbList","@id":"https:\/\/cretecycling.eu\/kontakt\/#breadcrumb","itemListElement":[{"@type":"ListItem","position":1,"name":"Start","item":"https:\/\/cretecycling.eu\/"},{"@type":"ListItem","position":2,"name":"Kontakt"}]},{"@type":"WebSite","@id":"https:\/\/cretecycling.eu\/#website","url":"https:\/\/cretecycling.eu\/","name":"CreteCycling","description":"CreteCycling makes the difference","publisher":{"@id":"https:\/\/cretecycling.eu\/#organization"},"potentialAction":[{"@type":"SearchAction","target":{"@type":"EntryPoint","urlTemplate":"https:\/\/cretecycling.eu\/?s={search_term_string}"},"query-input":{"@type":"PropertyValueSpecification","valueRequired":true,"valueName":"search_term_string"}}],"inLanguage":"en-US"},{"@type":"Organization","@id":"https:\/\/cretecycling.eu\/#organization","name":"CreteCycling IKE","url":"https:\/\/cretecycling.eu\/","logo":{"@type":"ImageObject","inLanguage":"en-US","@id":"https:\/\/cretecycling.eu\/#\/schema\/logo\/image\/","url":"https:\/\/cretecycling.eu\/wp-content\/uploads\/2026\/02\/cropped-Copilot_20251026_142254.jpg","contentUrl":"https:\/\/cretecycling.eu\/wp-content\/uploads\/2026\/02\/cropped-Copilot_20251026_142254.jpg","width":512,"height":512,"caption":"CreteCycling IKE"},"image":{"@id":"https:\/\/cretecycling.eu\/#\/schema\/logo\/image\/"}}]}},"_links":{"self":[{"href":"https:\/\/cretecycling.eu\/en\/wp-json\/wp\/v2\/pages\/40","targetHints":{"allow":["GET"]}}],"collection":[{"href":"https:\/\/cretecycling.eu\/en\/wp-json\/wp\/v2\/pages"}],"about":[{"href":"https:\/\/cretecycling.eu\/en\/wp-json\/wp\/v2\/types\/page"}],"author":[{"embeddable":true,"href":"https:\/\/cretecycling.eu\/en\/wp-json\/wp\/v2\/users\/1"}],"replies":[{"embeddable":true,"href":"https:\/\/cretecycling.eu\/en\/wp-json\/wp\/v2\/comments?post=40"}],"version-history":[{"count":6,"href":"https:\/\/cretecycling.eu\/en\/wp-json\/wp\/v2\/pages\/40\/revisions"}],"predecessor-version":[{"id":203,"href":"https:\/\/cretecycling.eu\/en\/wp-json\/wp\/v2\/pages\/40\/revisions\/203"}],"wp:attachment":[{"href":"https:\/\/cretecycling.eu\/en\/wp-json\/wp\/v2\/media?parent=40"}],"curies":[{"name":"wp","href":"https:\/\/api.w.org\/{rel}","templated":true}]}}